{"id":1441,"date":"2019-03-31T13:33:42","date_gmt":"2019-03-31T13:33:42","guid":{"rendered":"http:\/\/arbre-en-ciel.ch\/?page_id=1441"},"modified":"2025-06-12T10:13:54","modified_gmt":"2025-06-12T10:13:54","slug":"colonie-2019","status":"publish","type":"page","link":"https:\/\/arbre-en-ciel.ch\/?page_id=1441","title":{"rendered":"Colonie 2025"},"content":{"rendered":"<div class=\"wp-block-image\">\n<figure class=\"aligncenter size-large is-resized\"><a href=\"http:\/\/arbre-en-ciel.ch\/wp-content\/uploads\/2025\/02\/Pub-Colo-Facebook-Post.png\"><img loading=\"lazy\" decoding=\"async\" width=\"847\" height=\"710\" src=\"http:\/\/arbre-en-ciel.ch\/wp-content\/uploads\/2025\/02\/Pub-Colo-Facebook-Post-edited.png\" alt=\"\" class=\"wp-image-2355\" style=\"width:548px;height:auto\" srcset=\"https:\/\/arbre-en-ciel.ch\/wp-content\/uploads\/2025\/02\/Pub-Colo-Facebook-Post-edited.png 847w, https:\/\/arbre-en-ciel.ch\/wp-content\/uploads\/2025\/02\/Pub-Colo-Facebook-Post-edited-300x251.png 300w, https:\/\/arbre-en-ciel.ch\/wp-content\/uploads\/2025\/02\/Pub-Colo-Facebook-Post-edited-768x644.png 768w\" sizes=\"(max-width: 847px) 100vw, 847px\" \/><\/a><\/figure><\/div>\n\n<div class=\"wp-block-image is-resized\">\n<figure class=\"aligncenter\"><img loading=\"lazy\" decoding=\"async\" width=\"1061\" height=\"611\" src=\"http:\/\/arbre-en-ciel.ch\/wp-content\/uploads\/2015\/06\/Arbre-en-Ciel2.png\" alt=\"\" class=\"wp-image-61\" style=\"width:348px;height:auto\" srcset=\"https:\/\/arbre-en-ciel.ch\/wp-content\/uploads\/2015\/06\/Arbre-en-Ciel2.png 1061w, https:\/\/arbre-en-ciel.ch\/wp-content\/uploads\/2015\/06\/Arbre-en-Ciel2-300x173.png 300w, https:\/\/arbre-en-ciel.ch\/wp-content\/uploads\/2015\/06\/Arbre-en-Ciel2-1024x590.png 1024w\" sizes=\"(max-width: 1061px) 100vw, 1061px\" \/><\/figure><\/div>\n\n\n<h2 class=\"wp-block-heading\">La Colonie de 2025 est compl\u00e8te ! <span style=\"color: #0000ff;\"><\/span><\/h2>\n\n\n\n<h4 class=\"wp-block-heading\"><strong>Th\u00e8me:<\/strong><span style=\"color: #0000ff;\"><strong>&nbsp;<\/strong><\/span><\/h4>\n\n\n\n<p>Deviens un jeune sorcier \/ une jeune sorci\u00e8re et int\u00e8gre l&#8217;une des quatre fameuses maisons de l&#8217;\u00e9cole de Poudlard en Ciel. Cr\u00e9e une cr\u00e9ature fantastique en doudou et donne-lui des pouvoirs fabuleux, r\u00e9sous toutes les \u00e9nigmes du tournoi des sorciers, rel\u00e8ve les d\u00e9fis avec brio, amuse-toi durant les jeux de groupes, fabrique des potions, apprends des sortil\u00e8ges&#8230;<\/p>\n\n\n\n<h4 class=\"wp-block-heading\"><\/h4>\n\n\n\n<h3 class=\"wp-block-heading\"><\/h3>\n\n\n\n<figure class=\"wp-block-image size-large is-resized\"><a href=\"http:\/\/arbre-en-ciel.ch\/wp-content\/uploads\/2025\/02\/Capture-decran-2025-02-09-a-19.01.44.png\"><img loading=\"lazy\" decoding=\"async\" width=\"1024\" height=\"609\" src=\"http:\/\/arbre-en-ciel.ch\/wp-content\/uploads\/2025\/02\/Capture-decran-2025-02-09-a-19.01.44-1024x609.png\" alt=\"\" class=\"wp-image-2331\" style=\"width:356px;height:auto\" srcset=\"https:\/\/arbre-en-ciel.ch\/wp-content\/uploads\/2025\/02\/Capture-decran-2025-02-09-a-19.01.44-1024x609.png 1024w, https:\/\/arbre-en-ciel.ch\/wp-content\/uploads\/2025\/02\/Capture-decran-2025-02-09-a-19.01.44-300x179.png 300w, https:\/\/arbre-en-ciel.ch\/wp-content\/uploads\/2025\/02\/Capture-decran-2025-02-09-a-19.01.44-768x457.png 768w, https:\/\/arbre-en-ciel.ch\/wp-content\/uploads\/2025\/02\/Capture-decran-2025-02-09-a-19.01.44.png 1136w\" sizes=\"(max-width: 1024px) 100vw, 1024px\" \/><\/a><\/figure>\n\n\n\n<h3 class=\"wp-block-heading\"><strong>O\u00f9:&nbsp;<\/strong><\/h3>\n\n\n\n<h4 class=\"wp-block-heading\">Au Ch\u00e2teau de Vaulruz, \u00e0 Vaulruz. <\/h4>\n\n\n\n<div class=\"wp-block-columns is-layout-flex wp-container-core-columns-layout-4 wp-block-columns-is-layout-flex\">\n<div class=\"wp-block-column is-layout-flow wp-block-column-is-layout-flow\" style=\"flex-basis:100%\">\n<div class=\"wp-block-group is-layout-constrained wp-block-group-is-layout-constrained\"><div class=\"wp-block-group__inner-container\">\n<div class=\"wp-block-columns is-layout-flex wp-container-core-columns-layout-3 wp-block-columns-is-layout-flex\">\n<div class=\"wp-block-column is-layout-flow wp-block-column-is-layout-flow\" style=\"flex-basis:100%\">\n<div class=\"wp-block-group is-layout-constrained wp-block-group-is-layout-constrained\"><div class=\"wp-block-group__inner-container\">\n<div class=\"wp-block-columns is-layout-flex wp-container-core-columns-layout-2 wp-block-columns-is-layout-flex\">\n<div class=\"wp-block-column is-layout-flow wp-block-column-is-layout-flow\" style=\"flex-basis:100%\">\n<div class=\"wp-block-columns is-layout-flex wp-container-core-columns-layout-1 wp-block-columns-is-layout-flex\">\n<div class=\"wp-block-column is-layout-flow wp-block-column-is-layout-flow\">\n<figure class=\"wp-block-image size-large\"><a href=\"http:\/\/arbre-en-ciel.ch\/wp-content\/uploads\/2024\/03\/Capture-decran-2023-11-17-a-11.45.25-1.png\"><img loading=\"lazy\" decoding=\"async\" width=\"1024\" height=\"789\" src=\"http:\/\/arbre-en-ciel.ch\/wp-content\/uploads\/2024\/03\/Capture-decran-2023-11-17-a-11.45.25-1-1024x789.png\" alt=\"\" class=\"wp-image-2290\" srcset=\"https:\/\/arbre-en-ciel.ch\/wp-content\/uploads\/2024\/03\/Capture-decran-2023-11-17-a-11.45.25-1-1024x789.png 1024w, https:\/\/arbre-en-ciel.ch\/wp-content\/uploads\/2024\/03\/Capture-decran-2023-11-17-a-11.45.25-1-300x231.png 300w, https:\/\/arbre-en-ciel.ch\/wp-content\/uploads\/2024\/03\/Capture-decran-2023-11-17-a-11.45.25-1-768x592.png 768w, https:\/\/arbre-en-ciel.ch\/wp-content\/uploads\/2024\/03\/Capture-decran-2023-11-17-a-11.45.25-1-1536x1183.png 1536w, https:\/\/arbre-en-ciel.ch\/wp-content\/uploads\/2024\/03\/Capture-decran-2023-11-17-a-11.45.25-1.png 1558w\" sizes=\"(max-width: 1024px) 100vw, 1024px\" \/><\/a><\/figure>\n<\/div>\n\n\n\n<div class=\"wp-block-column is-layout-flow wp-block-column-is-layout-flow\">\n<figure class=\"wp-block-image size-large is-resized\"><a href=\"http:\/\/arbre-en-ciel.ch\/wp-content\/uploads\/2024\/03\/IMG_0578-3-scaled.jpeg\"><img loading=\"lazy\" decoding=\"async\" width=\"1024\" height=\"768\" src=\"http:\/\/arbre-en-ciel.ch\/wp-content\/uploads\/2024\/03\/IMG_0578-3-1024x768.jpeg\" alt=\"\" class=\"wp-image-2289\" style=\"width:425px;height:auto\" srcset=\"https:\/\/arbre-en-ciel.ch\/wp-content\/uploads\/2024\/03\/IMG_0578-3-1024x768.jpeg 1024w, https:\/\/arbre-en-ciel.ch\/wp-content\/uploads\/2024\/03\/IMG_0578-3-300x225.jpeg 300w, https:\/\/arbre-en-ciel.ch\/wp-content\/uploads\/2024\/03\/IMG_0578-3-768x576.jpeg 768w, https:\/\/arbre-en-ciel.ch\/wp-content\/uploads\/2024\/03\/IMG_0578-3-1536x1152.jpeg 1536w, https:\/\/arbre-en-ciel.ch\/wp-content\/uploads\/2024\/03\/IMG_0578-3-2048x1536.jpeg 2048w\" sizes=\"(max-width: 1024px) 100vw, 1024px\" \/><\/a><\/figure>\n<\/div>\n<\/div>\n<\/div>\n<\/div>\n<\/div><\/div>\n<\/div>\n<\/div>\n<\/div><\/div>\n<\/div>\n<\/div>\n\n\n\n<div class=\"wp-block-columns is-layout-flex wp-container-core-columns-layout-5 wp-block-columns-is-layout-flex\">\n<div class=\"wp-block-column is-layout-flow wp-block-column-is-layout-flow\">\n<figure class=\"wp-block-image size-large is-resized\"><a href=\"http:\/\/arbre-en-ciel.ch\/wp-content\/uploads\/2024\/03\/IMG_0602-1-scaled.jpeg\"><img loading=\"lazy\" decoding=\"async\" width=\"1024\" height=\"768\" src=\"http:\/\/arbre-en-ciel.ch\/wp-content\/uploads\/2024\/03\/IMG_0602-1-1024x768.jpeg\" alt=\"\" class=\"wp-image-2286\" style=\"width:276px;height:auto\" srcset=\"https:\/\/arbre-en-ciel.ch\/wp-content\/uploads\/2024\/03\/IMG_0602-1-1024x768.jpeg 1024w, https:\/\/arbre-en-ciel.ch\/wp-content\/uploads\/2024\/03\/IMG_0602-1-300x225.jpeg 300w, https:\/\/arbre-en-ciel.ch\/wp-content\/uploads\/2024\/03\/IMG_0602-1-768x576.jpeg 768w, https:\/\/arbre-en-ciel.ch\/wp-content\/uploads\/2024\/03\/IMG_0602-1-1536x1152.jpeg 1536w, https:\/\/arbre-en-ciel.ch\/wp-content\/uploads\/2024\/03\/IMG_0602-1-2048x1536.jpeg 2048w\" sizes=\"(max-width: 1024px) 100vw, 1024px\" \/><\/a><\/figure>\n<\/div>\n\n\n\n<div class=\"wp-block-column is-layout-flow wp-block-column-is-layout-flow\">\n<figure class=\"wp-block-image size-large is-resized\"><a href=\"http:\/\/arbre-en-ciel.ch\/wp-content\/uploads\/2024\/03\/Capture-decran-2023-11-17-a-09.12.00-2.png\"><img loading=\"lazy\" decoding=\"async\" width=\"1024\" height=\"685\" src=\"http:\/\/arbre-en-ciel.ch\/wp-content\/uploads\/2024\/03\/Capture-decran-2023-11-17-a-09.12.00-2-1024x685.png\" alt=\"\" class=\"wp-image-2287\" style=\"width:281px;height:auto\" srcset=\"https:\/\/arbre-en-ciel.ch\/wp-content\/uploads\/2024\/03\/Capture-decran-2023-11-17-a-09.12.00-2-1024x685.png 1024w, https:\/\/arbre-en-ciel.ch\/wp-content\/uploads\/2024\/03\/Capture-decran-2023-11-17-a-09.12.00-2-300x201.png 300w, https:\/\/arbre-en-ciel.ch\/wp-content\/uploads\/2024\/03\/Capture-decran-2023-11-17-a-09.12.00-2-768x514.png 768w, https:\/\/arbre-en-ciel.ch\/wp-content\/uploads\/2024\/03\/Capture-decran-2023-11-17-a-09.12.00-2-1536x1027.png 1536w, https:\/\/arbre-en-ciel.ch\/wp-content\/uploads\/2024\/03\/Capture-decran-2023-11-17-a-09.12.00-2.png 1558w\" sizes=\"(max-width: 1024px) 100vw, 1024px\" \/><\/a><\/figure>\n<\/div>\n\n\n\n<div class=\"wp-block-column is-layout-flow wp-block-column-is-layout-flow\">\n<figure class=\"wp-block-image size-large is-resized\"><a href=\"http:\/\/arbre-en-ciel.ch\/wp-content\/uploads\/2024\/03\/IMG_0596-3-scaled.jpeg\"><img loading=\"lazy\" decoding=\"async\" width=\"768\" height=\"1024\" src=\"http:\/\/arbre-en-ciel.ch\/wp-content\/uploads\/2024\/03\/IMG_0596-3-768x1024.jpeg\" alt=\"\" class=\"wp-image-2288\" style=\"width:200px;height:auto\" srcset=\"https:\/\/arbre-en-ciel.ch\/wp-content\/uploads\/2024\/03\/IMG_0596-3-768x1024.jpeg 768w, https:\/\/arbre-en-ciel.ch\/wp-content\/uploads\/2024\/03\/IMG_0596-3-225x300.jpeg 225w, https:\/\/arbre-en-ciel.ch\/wp-content\/uploads\/2024\/03\/IMG_0596-3-1152x1536.jpeg 1152w, https:\/\/arbre-en-ciel.ch\/wp-content\/uploads\/2024\/03\/IMG_0596-3-1536x2048.jpeg 1536w, https:\/\/arbre-en-ciel.ch\/wp-content\/uploads\/2024\/03\/IMG_0596-3-scaled.jpeg 1920w\" sizes=\"(max-width: 768px) 100vw, 768px\" \/><\/a><\/figure>\n<\/div>\n<\/div>\n\n\n\n<h3 class=\"wp-block-heading\">&nbsp;<\/h3>\n\n\n\n<h3 class=\"wp-block-heading has-medium-font-size\"><strong>Qui :&nbsp;<\/strong><\/h3>\n\n\n\n<h4 class=\"wp-block-heading has-medium-font-size\">Pour les enfants de la 5H \u00e0 la 8H<\/h4>\n\n\n\n<figure class=\"wp-block-image size-full is-resized\"><a href=\"http:\/\/arbre-en-ciel.ch\/wp-content\/uploads\/2021\/03\/653c6e8b0b4d08b54dbdc1b66462c6c0.jpg\"><img loading=\"lazy\" decoding=\"async\" width=\"564\" height=\"564\" src=\"http:\/\/arbre-en-ciel.ch\/wp-content\/uploads\/2021\/03\/653c6e8b0b4d08b54dbdc1b66462c6c0.jpg\" alt=\"\" class=\"wp-image-1848\" style=\"width:299px;height:auto\" srcset=\"https:\/\/arbre-en-ciel.ch\/wp-content\/uploads\/2021\/03\/653c6e8b0b4d08b54dbdc1b66462c6c0.jpg 564w, https:\/\/arbre-en-ciel.ch\/wp-content\/uploads\/2021\/03\/653c6e8b0b4d08b54dbdc1b66462c6c0-150x150.jpg 150w, https:\/\/arbre-en-ciel.ch\/wp-content\/uploads\/2021\/03\/653c6e8b0b4d08b54dbdc1b66462c6c0-300x300.jpg 300w\" sizes=\"(max-width: 564px) 100vw, 564px\" \/><\/a><\/figure>\n\n\n\n<h4 class=\"wp-block-heading\"><a href=\"http:\/\/arbre-en-ciel.ch\/wp-content\/uploads\/2021\/03\/653c6e8b0b4d08b54dbdc1b66462c6c0.jpg\"><br><\/a><\/h4>\n\n\n\n<h3 class=\"wp-block-heading has-large-font-size\"><strong>Programme des cinq jours <\/strong><\/h3>\n\n\n\n<h6 class=\"wp-block-heading has-large-font-size\"><em>(en phase de pr\u00e9paration)<\/em><\/h6>\n\n\n\n<h4 class=\"wp-block-heading\"><span style=\"color: #ff6600;\"><strong>Lundi 11 ao\u00fbt 2025 :<\/strong><\/span><\/h4>\n\n\n\n<ul>\n<li>D\u00e9but \u00e0 9h <\/li>\n\n\n\n<li>Installation au ch\u00e2teau<\/li>\n\n\n\n<li>Cr\u00e9er sa cr\u00e9ature fantastique<\/li>\n\n\n\n<li>Soir\u00e9e &#8220;Loup garou&#8221; version Harry Potter<\/li>\n<\/ul>\n\n\n\n<div class=\"wp-block-columns is-layout-flex wp-container-core-columns-layout-6 wp-block-columns-is-layout-flex\">\n<div class=\"wp-block-column is-layout-flow wp-block-column-is-layout-flow\" style=\"flex-basis:100%\">\n<figure class=\"wp-block-image size-large is-resized\"><a href=\"http:\/\/arbre-en-ciel.ch\/wp-content\/uploads\/2025\/02\/animaux-fantastiques-1.jpeg\"><img loading=\"lazy\" decoding=\"async\" width=\"790\" height=\"400\" src=\"http:\/\/arbre-en-ciel.ch\/wp-content\/uploads\/2025\/02\/animaux-fantastiques-1.jpeg\" alt=\"\" class=\"wp-image-2349\" style=\"width:512px;height:auto\" srcset=\"https:\/\/arbre-en-ciel.ch\/wp-content\/uploads\/2025\/02\/animaux-fantastiques-1.jpeg 790w, https:\/\/arbre-en-ciel.ch\/wp-content\/uploads\/2025\/02\/animaux-fantastiques-1-300x152.jpeg 300w, https:\/\/arbre-en-ciel.ch\/wp-content\/uploads\/2025\/02\/animaux-fantastiques-1-768x389.jpeg 768w\" sizes=\"(max-width: 790px) 100vw, 790px\" \/><\/a><\/figure>\n<\/div>\n<\/div>\n\n\n\n<h4 class=\"wp-block-heading\"><span style=\"color: #ff6600;\"><strong>Mardi 12 ao\u00fbt 2025 :<\/strong><\/span><\/h4>\n\n\n\n<ul>\n<li>Quidditch<\/li>\n\n\n\n<li>Cours de potions et sortil\u00e8ges<\/li>\n\n\n\n<li>Soir\u00e9e jeux de r\u00f4les dans une aventure in\u00e9dite sur le monde de Harry Potter (anim\u00e9s par de vrais ma\u00eetre de jeu de r\u00f4les)<\/li>\n<\/ul>\n\n\n\n<div class=\"wp-block-columns is-layout-flex wp-container-core-columns-layout-7 wp-block-columns-is-layout-flex\">\n<div class=\"wp-block-column is-layout-flow wp-block-column-is-layout-flow\" style=\"flex-basis:100%\">\n<figure class=\"wp-block-image size-full is-resized\"><a href=\"http:\/\/arbre-en-ciel.ch\/wp-content\/uploads\/2021\/03\/d9aa4b8401fb02abac6ef1871b7302e8.jpg\"><img loading=\"lazy\" decoding=\"async\" width=\"736\" height=\"736\" src=\"http:\/\/arbre-en-ciel.ch\/wp-content\/uploads\/2021\/03\/d9aa4b8401fb02abac6ef1871b7302e8.jpg\" alt=\"\" class=\"wp-image-1868\" style=\"width:273px;height:auto\" srcset=\"https:\/\/arbre-en-ciel.ch\/wp-content\/uploads\/2021\/03\/d9aa4b8401fb02abac6ef1871b7302e8.jpg 736w, https:\/\/arbre-en-ciel.ch\/wp-content\/uploads\/2021\/03\/d9aa4b8401fb02abac6ef1871b7302e8-150x150.jpg 150w, https:\/\/arbre-en-ciel.ch\/wp-content\/uploads\/2021\/03\/d9aa4b8401fb02abac6ef1871b7302e8-300x300.jpg 300w\" sizes=\"(max-width: 736px) 100vw, 736px\" \/><\/a><\/figure>\n<\/div>\n<\/div>\n\n\n\n<figure class=\"wp-block-image size-large is-resized\"><a href=\"http:\/\/arbre-en-ciel.ch\/wp-content\/uploads\/2025\/02\/7abeb47d-9a1b-406d-83fc-64e80127a778.jpg\"><img loading=\"lazy\" decoding=\"async\" width=\"1024\" height=\"576\" src=\"http:\/\/arbre-en-ciel.ch\/wp-content\/uploads\/2025\/02\/7abeb47d-9a1b-406d-83fc-64e80127a778-1024x576.jpg\" alt=\"\" class=\"wp-image-2346\" style=\"width:385px;height:auto\" srcset=\"https:\/\/arbre-en-ciel.ch\/wp-content\/uploads\/2025\/02\/7abeb47d-9a1b-406d-83fc-64e80127a778-1024x576.jpg 1024w, https:\/\/arbre-en-ciel.ch\/wp-content\/uploads\/2025\/02\/7abeb47d-9a1b-406d-83fc-64e80127a778-300x169.jpg 300w, https:\/\/arbre-en-ciel.ch\/wp-content\/uploads\/2025\/02\/7abeb47d-9a1b-406d-83fc-64e80127a778-768x432.jpg 768w, https:\/\/arbre-en-ciel.ch\/wp-content\/uploads\/2025\/02\/7abeb47d-9a1b-406d-83fc-64e80127a778-1536x864.jpg 1536w, https:\/\/arbre-en-ciel.ch\/wp-content\/uploads\/2025\/02\/7abeb47d-9a1b-406d-83fc-64e80127a778.jpg 1600w\" sizes=\"(max-width: 1024px) 100vw, 1024px\" \/><\/a><\/figure>\n\n\n\n<h4 class=\"wp-block-heading\"><span style=\"color: #ff6600;\"><strong>Mercredi 13 ao\u00fbt 2025 :<\/strong><\/span><\/h4>\n\n\n\n<ul>\n<li>Sortie \u00e0 Charmey pour un  &#8220;Accrobranche&#8221; <\/li>\n\n\n\n<li>Soir\u00e9e des sorciers (d\u00e9fis  et Pop corn)<\/li>\n<\/ul>\n\n\n\n<div class=\"wp-block-columns is-layout-flex wp-container-core-columns-layout-8 wp-block-columns-is-layout-flex\">\n<div class=\"wp-block-column is-layout-flow wp-block-column-is-layout-flow\">\n<figure class=\"wp-block-image size-full is-resized\"><a href=\"http:\/\/arbre-en-ciel.ch\/wp-content\/uploads\/2024\/03\/Capture-decran-2024-03-10-a-13.57.13.png\"><img loading=\"lazy\" decoding=\"async\" width=\"1648\" height=\"1068\" src=\"http:\/\/arbre-en-ciel.ch\/wp-content\/uploads\/2024\/03\/Capture-decran-2024-03-10-a-13.57.13.png\" alt=\"\" class=\"wp-image-2313\" style=\"width:387px;height:auto\" srcset=\"https:\/\/arbre-en-ciel.ch\/wp-content\/uploads\/2024\/03\/Capture-decran-2024-03-10-a-13.57.13.png 1648w, https:\/\/arbre-en-ciel.ch\/wp-content\/uploads\/2024\/03\/Capture-decran-2024-03-10-a-13.57.13-300x194.png 300w, https:\/\/arbre-en-ciel.ch\/wp-content\/uploads\/2024\/03\/Capture-decran-2024-03-10-a-13.57.13-1024x664.png 1024w, https:\/\/arbre-en-ciel.ch\/wp-content\/uploads\/2024\/03\/Capture-decran-2024-03-10-a-13.57.13-768x498.png 768w, https:\/\/arbre-en-ciel.ch\/wp-content\/uploads\/2024\/03\/Capture-decran-2024-03-10-a-13.57.13-1536x995.png 1536w\" sizes=\"(max-width: 1648px) 100vw, 1648px\" \/><\/a><\/figure>\n<\/div>\n<\/div>\n\n\n\n<h4 class=\"wp-block-heading\"><span style=\"color: #ff6600;\"><strong>Jeudi 14 ao\u00fbt 2025 :<\/strong><\/span><\/h4>\n\n\n\n<ul>\n<li>Marche et piscine \u00e0 Bulle <\/li>\n\n\n\n<li>R\u00e9sultat de l&#8217;\u00e9nigme &#8220;le tournoi des sorciers&#8221;<\/li>\n\n\n\n<li>Grand Bal dans la cave du ch\u00e2teau<\/li>\n<\/ul>\n\n\n\n<div class=\"wp-block-columns is-layout-flex wp-container-core-columns-layout-9 wp-block-columns-is-layout-flex\">\n<div class=\"wp-block-column is-layout-flow wp-block-column-is-layout-flow\">\n<figure class=\"wp-block-image size-full is-resized\"><a href=\"http:\/\/arbre-en-ciel.ch\/wp-content\/uploads\/2024\/03\/Capture-decran-2024-03-10-a-11.53.35.png\"><img loading=\"lazy\" decoding=\"async\" width=\"432\" height=\"308\" src=\"http:\/\/arbre-en-ciel.ch\/wp-content\/uploads\/2024\/03\/Capture-decran-2024-03-10-a-11.53.35.png\" alt=\"\" class=\"wp-image-2294\" style=\"width:415px;height:auto\" srcset=\"https:\/\/arbre-en-ciel.ch\/wp-content\/uploads\/2024\/03\/Capture-decran-2024-03-10-a-11.53.35.png 432w, https:\/\/arbre-en-ciel.ch\/wp-content\/uploads\/2024\/03\/Capture-decran-2024-03-10-a-11.53.35-300x214.png 300w\" sizes=\"(max-width: 432px) 100vw, 432px\" \/><\/a><\/figure>\n<\/div>\n\n\n\n<div class=\"wp-block-column is-layout-flow wp-block-column-is-layout-flow\">\n<figure class=\"wp-block-image size-large is-resized\"><a href=\"http:\/\/arbre-en-ciel.ch\/wp-content\/uploads\/2021\/03\/HP-Yule-Ball-feature.jpg\"><img loading=\"lazy\" decoding=\"async\" width=\"1024\" height=\"539\" src=\"http:\/\/arbre-en-ciel.ch\/wp-content\/uploads\/2021\/03\/HP-Yule-Ball-feature-1024x539.jpg\" alt=\"\" class=\"wp-image-1867\" style=\"width:521px;height:auto\" srcset=\"https:\/\/arbre-en-ciel.ch\/wp-content\/uploads\/2021\/03\/HP-Yule-Ball-feature-1024x539.jpg 1024w, https:\/\/arbre-en-ciel.ch\/wp-content\/uploads\/2021\/03\/HP-Yule-Ball-feature-300x158.jpg 300w, https:\/\/arbre-en-ciel.ch\/wp-content\/uploads\/2021\/03\/HP-Yule-Ball-feature-768x404.jpg 768w, https:\/\/arbre-en-ciel.ch\/wp-content\/uploads\/2021\/03\/HP-Yule-Ball-feature.jpg 1710w\" sizes=\"(max-width: 1024px) 100vw, 1024px\" \/><\/a><\/figure>\n<\/div>\n<\/div>\n\n\n\n<h4 class=\"wp-block-heading\"><span style=\"color: #ff6600;\"><strong>Vendredi 15 ao\u00fbt 2025 :<\/strong><\/span><\/h4>\n\n\n\n<ul>\n<li>Joutes du sorcier au ch\u00e2teau de Poudlard-en-Ciel<\/li>\n\n\n\n<li> <strong>fin \u00e0 12h00<\/strong><\/li>\n<\/ul>\n\n\n\n<figure class=\"wp-block-image size-full is-resized\"><a href=\"http:\/\/arbre-en-ciel.ch\/wp-content\/uploads\/2021\/03\/54112c41a9e77fcb5c60440f48a20b22.jpg\"><img loading=\"lazy\" decoding=\"async\" width=\"473\" height=\"613\" src=\"http:\/\/arbre-en-ciel.ch\/wp-content\/uploads\/2021\/03\/54112c41a9e77fcb5c60440f48a20b22.jpg\" alt=\"\" class=\"wp-image-1849\" style=\"width:233px;height:auto\" srcset=\"https:\/\/arbre-en-ciel.ch\/wp-content\/uploads\/2021\/03\/54112c41a9e77fcb5c60440f48a20b22.jpg 473w, https:\/\/arbre-en-ciel.ch\/wp-content\/uploads\/2021\/03\/54112c41a9e77fcb5c60440f48a20b22-231x300.jpg 231w\" sizes=\"(max-width: 473px) 100vw, 473px\" \/><\/a><\/figure>\n\n\n\n<p><\/p>\n\n\n\n<figure class=\"wp-block-image size-large is-resized\"><a href=\"http:\/\/arbre-en-ciel.ch\/wp-content\/uploads\/2015\/06\/Arbre-en-Ciel2.png\"><img loading=\"lazy\" decoding=\"async\" width=\"1024\" height=\"590\" src=\"http:\/\/arbre-en-ciel.ch\/wp-content\/uploads\/2015\/06\/Arbre-en-Ciel2-1024x590.png\" alt=\"\" class=\"wp-image-61\" style=\"width:299px;height:auto\" srcset=\"https:\/\/arbre-en-ciel.ch\/wp-content\/uploads\/2015\/06\/Arbre-en-Ciel2-1024x590.png 1024w, https:\/\/arbre-en-ciel.ch\/wp-content\/uploads\/2015\/06\/Arbre-en-Ciel2-300x173.png 300w, https:\/\/arbre-en-ciel.ch\/wp-content\/uploads\/2015\/06\/Arbre-en-Ciel2.png 1061w\" sizes=\"(max-width: 1024px) 100vw, 1024px\" \/><\/a><\/figure>\n\n\n\n<h3 class=\"wp-block-heading has-medium-font-size\"><strong>Tarif :<\/strong><\/h3>\n\n\n\n<h4 class=\"wp-block-heading has-medium-font-size\">pour quatre nuits, quatre jours et demi d&#8217;animations r\u00e9alis\u00e9es par plusieurs animateurs, diverses activit\u00e9s dont piscine et parcours dans les arbres, repas des quatre jours,  carnet souvenir et petite surprise.&nbsp;<\/h4>\n\n\n\n<h5 class=\"wp-block-heading has-medium-font-size\"><strong>Prix : 430 Fr.<\/strong><\/h5>\n\n\n\n<h5 class=\"wp-block-heading has-medium-font-size\"><strong>-12 % d\u00e8s le deuxi\u00e8me enfant 380 Fr.<\/strong><\/h5>\n\n\n\n<p>           <\/p>\n\n\n\n<p>Les informations d\u00e9taill\u00e9es ainsi que le programme officiel vous seront envoy\u00e9s un mois avant la colonie.<strong> <\/strong><\/p>\n\n\n\n<p><\/p>\n\n\n\n<h3 class=\"wp-block-heading has-medium-font-size\"><strong>Pour l&#8217;inscription, vous pouvez envoyer le formulaire ci-dessous \u00e0 danielle@arbre-en-ciel.ch ou danielle@noisette.ch<\/strong><\/h3>\n\n\n\n<p>  <\/p>\n\n\n\n<div class=\"wp-block-file\"><a id=\"wp-block-file--media-089090e4-4415-4b30-af04-3f817a0505c0\" href=\"http:\/\/arbre-en-ciel.ch\/wp-content\/uploads\/2025\/02\/Formulaire-inscription-colonie-25.docx\">Formulaire-inscription-colonie-25<\/a><a href=\"http:\/\/arbre-en-ciel.ch\/wp-content\/uploads\/2025\/02\/Formulaire-inscription-colonie-25.docx\" class=\"wp-block-file__button wp-element-button\" download aria-describedby=\"wp-block-file--media-089090e4-4415-4b30-af04-3f817a0505c0\">Download<\/a><\/div>\n\n\n\n<p>   <\/p>\n\n\n<div class=\"wp-block-image\">\n<figure class=\"alignleft size-full is-resized\"><a href=\"http:\/\/arbre-en-ciel.ch\/wp-content\/uploads\/2025\/02\/HarryHermoineRon.jpg\"><img loading=\"lazy\" decoding=\"async\" width=\"620\" height=\"413\" src=\"http:\/\/arbre-en-ciel.ch\/wp-content\/uploads\/2025\/02\/HarryHermoineRon.jpg\" alt=\"\" class=\"wp-image-2348\" style=\"width:345px;height:auto\" srcset=\"https:\/\/arbre-en-ciel.ch\/wp-content\/uploads\/2025\/02\/HarryHermoineRon.jpg 620w, https:\/\/arbre-en-ciel.ch\/wp-content\/uploads\/2025\/02\/HarryHermoineRon-300x200.jpg 300w\" sizes=\"(max-width: 620px) 100vw, 620px\" \/><\/a><\/figure><\/div>\n\n\n<h3 class=\"wp-block-heading has-text-align-center has-medium-font-size\"><strong>Nous nous r\u00e9jouissons de vivre cette semaine d&#8217;aventures magiques avec vos enfants <\/strong>!<\/h3>\n","protected":false},"excerpt":{"rendered":"<p>La Colonie de 2025 est compl\u00e8te ! Th\u00e8me:&nbsp; Deviens un jeune sorcier \/ une jeune sorci\u00e8re et int\u00e8gre l&#8217;une des quatre fameuses maisons de l&#8217;\u00e9cole de Poudlard en Ciel. Cr\u00e9e une cr\u00e9ature fantastique en doudou et donne-lui des pouvoirs fabuleux, r\u00e9sous toutes les \u00e9nigmes du tournoi des sorciers, rel\u00e8ve les d\u00e9fis avec brio, amuse-toi durant [&hellip;]<\/p>\n","protected":false},"author":1,"featured_media":0,"parent":0,"menu_order":0,"comment_status":"closed","ping_status":"closed","template":"","meta":{"footnotes":""},"_links":{"self":[{"href":"https:\/\/arbre-en-ciel.ch\/index.php?rest_route=\/wp\/v2\/pages\/1441"}],"collection":[{"href":"https:\/\/arbre-en-ciel.ch\/index.php?rest_route=\/wp\/v2\/pages"}],"about":[{"href":"https:\/\/arbre-en-ciel.ch\/index.php?rest_route=\/wp\/v2\/types\/page"}],"author":[{"embeddable":true,"href":"https:\/\/arbre-en-ciel.ch\/index.php?rest_route=\/wp\/v2\/users\/1"}],"replies":[{"embeddable":true,"href":"https:\/\/arbre-en-ciel.ch\/index.php?rest_route=%2Fwp%2Fv2%2Fcomments&post=1441"}],"version-history":[{"count":216,"href":"https:\/\/arbre-en-ciel.ch\/index.php?rest_route=\/wp\/v2\/pages\/1441\/revisions"}],"predecessor-version":[{"id":2366,"href":"https:\/\/arbre-en-ciel.ch\/index.php?rest_route=\/wp\/v2\/pages\/1441\/revisions\/2366"}],"wp:attachment":[{"href":"https:\/\/arbre-en-ciel.ch\/index.php?rest_route=%2Fwp%2Fv2%2Fmedia&parent=1441"}],"curies":[{"name":"wp","href":"https:\/\/api.w.org\/{rel}","templated":true}]}}